{"id":100,"date":"2021-05-04T12:28:56","date_gmt":"2021-05-04T09:28:56","guid":{"rendered":"http:\/\/www.batmanbilisim.com\/?page_id=100"},"modified":"2021-05-04T13:46:12","modified_gmt":"2021-05-04T10:46:12","slug":"is-ortaklarimiz","status":"publish","type":"page","link":"http:\/\/www.batmanbilisim.com\/?page_id=100","title":{"rendered":"i\u015f Oratklar\u0131m\u0131z"},"content":{"rendered":"\n<div class=\"wp-block-image\"><figure class=\"alignleft size-large is-resized\"><img decoding=\"async\" loading=\"lazy\" src=\"http:\/\/www.batmanbilisim.com\/wp-content\/uploads\/2021\/05\/rcl.jpg\" alt=\"\" class=\"wp-image-107\" width=\"140\" height=\"60\" srcset=\"http:\/\/www.batmanbilisim.com\/wp-content\/uploads\/2021\/05\/rcl.jpg 341w, http:\/\/www.batmanbilisim.com\/wp-content\/uploads\/2021\/05\/rcl-300x130.jpg 300w\" sizes=\"(max-width: 140px) 100vw, 140px\" \/><\/figure><\/div>\n\n\n\n<figure class=\"wp-block-gallery alignleft columns-3 is-cropped wp-block-gallery-1 is-layout-flex\"><ul class=\"blocks-gallery-grid\"><li class=\"blocks-gallery-item\"><figure><img decoding=\"async\" loading=\"lazy\" width=\"1024\" height=\"512\" src=\"http:\/\/www.batmanbilisim.com\/wp-content\/uploads\/2021\/05\/ATEKSIS-GUVENLIK-1024x512.jpg\" alt=\"\" data-id=\"111\" data-link=\"http:\/\/www.batmanbilisim.com\/?attachment_id=111\" class=\"wp-image-111\" srcset=\"http:\/\/www.batmanbilisim.com\/wp-content\/uploads\/2021\/05\/ATEKSIS-GUVENLIK-1024x512.jpg 1024w, http:\/\/www.batmanbilisim.com\/wp-content\/uploads\/2021\/05\/ATEKSIS-GUVENLIK-300x150.jpg 300w, http:\/\/www.batmanbilisim.com\/wp-content\/uploads\/2021\/05\/ATEKSIS-GUVENLIK-768x384.jpg 768w, http:\/\/www.batmanbilisim.com\/wp-content\/uploads\/2021\/05\/ATEKSIS-GUVENLIK-1536x768.jpg 1536w, http:\/\/www.batmanbilisim.com\/wp-content\/uploads\/2021\/05\/ATEKSIS-GUVENLIK-2048x1024.jpg 2048w\" sizes=\"(max-width: 1024px) 100vw, 1024px\" \/><\/figure><\/li><li class=\"blocks-gallery-item\"><figure><img decoding=\"async\" loading=\"lazy\" width=\"841\" height=\"595\" src=\"http:\/\/www.batmanbilisim.com\/wp-content\/uploads\/2021\/05\/TURKCELL_YATAY_ERKEK_LOGO.jpg\" alt=\"\" data-id=\"113\" data-link=\"http:\/\/www.batmanbilisim.com\/?attachment_id=113\" class=\"wp-image-113\" srcset=\"http:\/\/www.batmanbilisim.com\/wp-content\/uploads\/2021\/05\/TURKCELL_YATAY_ERKEK_LOGO.jpg 841w, http:\/\/www.batmanbilisim.com\/wp-content\/uploads\/2021\/05\/TURKCELL_YATAY_ERKEK_LOGO-300x212.jpg 300w, http:\/\/www.batmanbilisim.com\/wp-content\/uploads\/2021\/05\/TURKCELL_YATAY_ERKEK_LOGO-768x543.jpg 768w\" sizes=\"(max-width: 841px) 100vw, 841px\" \/><\/figure><\/li><li class=\"blocks-gallery-item\"><figure><img decoding=\"async\" loading=\"lazy\" width=\"200\" height=\"200\" src=\"http:\/\/www.batmanbilisim.com\/wp-content\/uploads\/2021\/05\/MAVI-GUVENLIK.jpg\" alt=\"\" data-id=\"115\" data-link=\"http:\/\/www.batmanbilisim.com\/?attachment_id=115\" class=\"wp-image-115\" srcset=\"http:\/\/www.batmanbilisim.com\/wp-content\/uploads\/2021\/05\/MAVI-GUVENLIK.jpg 200w, http:\/\/www.batmanbilisim.com\/wp-content\/uploads\/2021\/05\/MAVI-GUVENLIK-150x150.jpg 150w\" sizes=\"(max-width: 200px) 100vw, 200px\" \/><\/figure><\/li><\/ul><\/figure>\n\n\n\n<p><\/p>\n","protected":false},"excerpt":{"rendered":"","protected":false},"author":1,"featured_media":0,"parent":153,"menu_order":0,"comment_status":"closed","ping_status":"closed","template":"fullwidth-page.php","meta":[],"_links":{"self":[{"href":"http:\/\/www.batmanbilisim.com\/index.php?rest_route=\/wp\/v2\/pages\/100"}],"collection":[{"href":"http:\/\/www.batmanbilisim.com\/index.php?rest_route=\/wp\/v2\/pages"}],"about":[{"href":"http:\/\/www.batmanbilisim.com\/index.php?rest_route=\/wp\/v2\/types\/page"}],"author":[{"embeddable":true,"href":"http:\/\/www.batmanbilisim.com\/index.php?rest_route=\/wp\/v2\/users\/1"}],"replies":[{"embeddable":true,"href":"http:\/\/www.batmanbilisim.com\/index.php?rest_route=%2Fwp%2Fv2%2Fcomments&post=100"}],"version-history":[{"count":12,"href":"http:\/\/www.batmanbilisim.com\/index.php?rest_route=\/wp\/v2\/pages\/100\/revisions"}],"predecessor-version":[{"id":172,"href":"http:\/\/www.batmanbilisim.com\/index.php?rest_route=\/wp\/v2\/pages\/100\/revisions\/172"}],"up":[{"embeddable":true,"href":"http:\/\/www.batmanbilisim.com\/index.php?rest_route=\/wp\/v2\/pages\/153"}],"wp:attachment":[{"href":"http:\/\/www.batmanbilisim.com\/index.php?rest_route=%2Fwp%2Fv2%2Fmedia&parent=100"}],"curies":[{"name":"wp","href":"https:\/\/api.w.org\/{rel}","templated":true}]}}