{"id":122,"date":"2021-05-04T12:53:54","date_gmt":"2021-05-04T09:53:54","guid":{"rendered":"http:\/\/www.batmanbilisim.com\/?page_id=122"},"modified":"2021-05-04T13:23:33","modified_gmt":"2021-05-04T10:23:33","slug":"122-2","status":"publish","type":"page","link":"http:\/\/www.batmanbilisim.com\/?page_id=122","title":{"rendered":"\u00c7\u00f6z\u00fcm Ortaklar\u0131m\u0131z"},"content":{"rendered":"\n<div class=\"wp-block-image\"><figure class=\"aligncenter size-large is-resized\"><img decoding=\"async\" loading=\"lazy\" src=\"http:\/\/www.batmanbilisim.com\/wp-content\/uploads\/2021\/05\/bosch_logo-1024x433.png\" alt=\"\" class=\"wp-image-123\" width=\"334\" height=\"141\" srcset=\"http:\/\/www.batmanbilisim.com\/wp-content\/uploads\/2021\/05\/bosch_logo-1024x433.png 1024w, http:\/\/www.batmanbilisim.com\/wp-content\/uploads\/2021\/05\/bosch_logo-300x127.png 300w, http:\/\/www.batmanbilisim.com\/wp-content\/uploads\/2021\/05\/bosch_logo-768x324.png 768w, http:\/\/www.batmanbilisim.com\/wp-content\/uploads\/2021\/05\/bosch_logo.png 1200w\" sizes=\"(max-width: 334px) 100vw, 334px\" \/><\/figure><\/div>\n\n\n\n<div class=\"wp-block-image\"><figure class=\"aligncenter size-large is-resized\"><img decoding=\"async\" loading=\"lazy\" src=\"http:\/\/www.batmanbilisim.com\/wp-content\/uploads\/2021\/05\/NEUTRON-logo.png\" alt=\"\" class=\"wp-image-124\" width=\"310\" height=\"126\"\/><\/figure><\/div>\n\n\n\n<div class=\"wp-block-image\"><figure class=\"aligncenter size-large is-resized\"><img decoding=\"async\" loading=\"lazy\" src=\"http:\/\/www.batmanbilisim.com\/wp-content\/uploads\/2021\/05\/logo-dahua-1.jpg\" alt=\"\" class=\"wp-image-128\" width=\"288\" height=\"172\" srcset=\"http:\/\/www.batmanbilisim.com\/wp-content\/uploads\/2021\/05\/logo-dahua-1.jpg 960w, http:\/\/www.batmanbilisim.com\/wp-content\/uploads\/2021\/05\/logo-dahua-1-300x180.jpg 300w, http:\/\/www.batmanbilisim.com\/wp-content\/uploads\/2021\/05\/logo-dahua-1-768x461.jpg 768w\" sizes=\"(max-width: 288px) 100vw, 288px\" \/><\/figure><\/div>\n\n\n\n<div class=\"wp-block-image\"><figure class=\"aligncenter size-large is-resized\"><img decoding=\"async\" loading=\"lazy\" src=\"http:\/\/www.batmanbilisim.com\/wp-content\/uploads\/2021\/05\/teknim-logo.jpg\" alt=\"\" class=\"wp-image-129\" width=\"437\" height=\"270\" srcset=\"http:\/\/www.batmanbilisim.com\/wp-content\/uploads\/2021\/05\/teknim-logo.jpg 1000w, http:\/\/www.batmanbilisim.com\/wp-content\/uploads\/2021\/05\/teknim-logo-300x186.jpg 300w, http:\/\/www.batmanbilisim.com\/wp-content\/uploads\/2021\/05\/teknim-logo-768x476.jpg 768w\" sizes=\"(max-width: 437px) 100vw, 437px\" \/><\/figure><\/div>\n\n\n\n<div class=\"wp-block-image\"><figure class=\"aligncenter size-large is-resized\"><img decoding=\"async\" loading=\"lazy\" src=\"http:\/\/www.batmanbilisim.com\/wp-content\/uploads\/2021\/05\/hikvision_0.png\" alt=\"\" class=\"wp-image-130\" width=\"262\" height=\"262\" srcset=\"http:\/\/www.batmanbilisim.com\/wp-content\/uploads\/2021\/05\/hikvision_0.png 195w, http:\/\/www.batmanbilisim.com\/wp-content\/uploads\/2021\/05\/hikvision_0-150x150.png 150w\" sizes=\"(max-width: 262px) 100vw, 262px\" \/><\/figure><\/div>\n\n\n\n<div class=\"wp-block-image\"><figure class=\"aligncenter size-large is-resized\"><img decoding=\"async\" loading=\"lazy\" src=\"http:\/\/www.batmanbilisim.com\/wp-content\/uploads\/2021\/05\/hcs.jpg\" alt=\"\" class=\"wp-image-132\" width=\"306\" height=\"306\" srcset=\"http:\/\/www.batmanbilisim.com\/wp-content\/uploads\/2021\/05\/hcs.jpg 400w, http:\/\/www.batmanbilisim.com\/wp-content\/uploads\/2021\/05\/hcs-300x300.jpg 300w, http:\/\/www.batmanbilisim.com\/wp-content\/uploads\/2021\/05\/hcs-150x150.jpg 150w\" sizes=\"(max-width: 306px) 100vw, 306px\" \/><\/figure><\/div>\n\n\n\n<div class=\"wp-block-image\"><figure class=\"aligncenter size-large is-resized\"><img decoding=\"async\" loading=\"lazy\" src=\"http:\/\/www.batmanbilisim.com\/wp-content\/uploads\/2021\/05\/turkuaz-fiber-kablo.png\" alt=\"\" class=\"wp-image-134\" width=\"238\" height=\"209\"\/><\/figure><\/div>\n\n\n\n<div class=\"wp-block-image\"><figure class=\"aligncenter size-large is-resized\"><img decoding=\"async\" loading=\"lazy\" src=\"http:\/\/www.batmanbilisim.com\/wp-content\/uploads\/2021\/05\/dcn.jpg\" alt=\"\" class=\"wp-image-136\" width=\"334\" height=\"170\" srcset=\"http:\/\/www.batmanbilisim.com\/wp-content\/uploads\/2021\/05\/dcn.jpg 314w, http:\/\/www.batmanbilisim.com\/wp-content\/uploads\/2021\/05\/dcn-300x153.jpg 300w\" sizes=\"(max-width: 334px) 100vw, 334px\" \/><\/figure><\/div>\n\n\n\n<div class=\"wp-block-image\"><figure class=\"aligncenter size-large is-resized\"><img decoding=\"async\" loading=\"lazy\" src=\"http:\/\/www.batmanbilisim.com\/wp-content\/uploads\/2021\/05\/ozak.jpg\" alt=\"\" class=\"wp-image-138\" width=\"295\" height=\"230\"\/><\/figure><\/div>\n\n\n\n<div class=\"wp-block-image\"><figure class=\"aligncenter size-large is-resized\"><img decoding=\"async\" loading=\"lazy\" src=\"http:\/\/www.batmanbilisim.com\/wp-content\/uploads\/2021\/05\/artego.png\" alt=\"\" class=\"wp-image-140\" width=\"332\" height=\"249\"\/><\/figure><\/div>\n\n\n\n<div class=\"wp-block-image\"><figure class=\"aligncenter size-large is-resized\"><img decoding=\"async\" loading=\"lazy\" src=\"http:\/\/www.batmanbilisim.com\/wp-content\/uploads\/2021\/05\/mutlusan.png\" alt=\"\" class=\"wp-image-142\" width=\"256\" height=\"256\" srcset=\"http:\/\/www.batmanbilisim.com\/wp-content\/uploads\/2021\/05\/mutlusan.png 195w, http:\/\/www.batmanbilisim.com\/wp-content\/uploads\/2021\/05\/mutlusan-150x150.png 150w\" sizes=\"(max-width: 256px) 100vw, 256px\" \/><\/figure><\/div>\n\n\n\n<div class=\"wp-block-image\"><figure class=\"aligncenter size-large is-resized\"><img decoding=\"async\" loading=\"lazy\" src=\"http:\/\/www.batmanbilisim.com\/wp-content\/uploads\/2021\/05\/interlogix-truvision-920.png\" alt=\"\" class=\"wp-image-145\" width=\"277\" height=\"160\" srcset=\"http:\/\/www.batmanbilisim.com\/wp-content\/uploads\/2021\/05\/interlogix-truvision-920.png 920w, http:\/\/www.batmanbilisim.com\/wp-content\/uploads\/2021\/05\/interlogix-truvision-920-300x174.png 300w, http:\/\/www.batmanbilisim.com\/wp-content\/uploads\/2021\/05\/interlogix-truvision-920-768x445.png 768w\" sizes=\"(max-width: 277px) 100vw, 277px\" \/><\/figure><\/div>\n","protected":false},"excerpt":{"rendered":"","protected":false},"author":1,"featured_media":0,"parent":153,"menu_order":0,"comment_status":"closed","ping_status":"closed","template":"","meta":[],"_links":{"self":[{"href":"http:\/\/www.batmanbilisim.com\/index.php?rest_route=\/wp\/v2\/pages\/122"}],"collection":[{"href":"http:\/\/www.batmanbilisim.com\/index.php?rest_route=\/wp\/v2\/pages"}],"about":[{"href":"http:\/\/www.batmanbilisim.com\/index.php?rest_route=\/wp\/v2\/types\/page"}],"author":[{"embeddable":true,"href":"http:\/\/www.batmanbilisim.com\/index.php?rest_route=\/wp\/v2\/users\/1"}],"replies":[{"embeddable":true,"href":"http:\/\/www.batmanbilisim.com\/index.php?rest_route=%2Fwp%2Fv2%2Fcomments&post=122"}],"version-history":[{"count":11,"href":"http:\/\/www.batmanbilisim.com\/index.php?rest_route=\/wp\/v2\/pages\/122\/revisions"}],"predecessor-version":[{"id":157,"href":"http:\/\/www.batmanbilisim.com\/index.php?rest_route=\/wp\/v2\/pages\/122\/revisions\/157"}],"up":[{"embeddable":true,"href":"http:\/\/www.batmanbilisim.com\/index.php?rest_route=\/wp\/v2\/pages\/153"}],"wp:attachment":[{"href":"http:\/\/www.batmanbilisim.com\/index.php?rest_route=%2Fwp%2Fv2%2Fmedia&parent=122"}],"curies":[{"name":"wp","href":"https:\/\/api.w.org\/{rel}","templated":true}]}}