{"id":2,"date":"2021-05-03T14:58:36","date_gmt":"2021-05-03T11:58:36","guid":{"rendered":"http:\/\/www.batmanbilisim.com\/?page_id=2"},"modified":"2021-05-03T17:17:19","modified_gmt":"2021-05-03T14:17:19","slug":"ornek-sayfa","status":"publish","type":"page","link":"http:\/\/www.batmanbilisim.com\/?page_id=2","title":{"rendered":"Hizmetlerimiz"},"content":{"rendered":"\n<figure class=\"wp-block-image size-large is-resized\"><img decoding=\"async\" loading=\"lazy\" src=\"http:\/\/www.batmanbilisim.com\/wp-content\/uploads\/2021\/05\/batman-hizmetler.jpg\" alt=\"\" class=\"wp-image-65\" width=\"460\" height=\"258\" srcset=\"http:\/\/www.batmanbilisim.com\/wp-content\/uploads\/2021\/05\/batman-hizmetler.jpg 640w, http:\/\/www.batmanbilisim.com\/wp-content\/uploads\/2021\/05\/batman-hizmetler-300x168.jpg 300w\" sizes=\"(max-width: 460px) 100vw, 460px\" \/><\/figure>\n\n\n\n<h2 class=\"wp-block-heading\">G\u00fcvenlik ve Kamera Sistemleri ba\u015fta olmak \u00fczere a\u015fa\u011f\u0131daki hizmetleri de yapmaktay\u0131z.<\/h2>\n\n\n\n<p>Batman Bili\u015fim, Batman ve \u00e7evre illerinde g\u00fcvenlik kamera sistemleri, alarm, santral sistemleri, kurumsal bak\u0131m, yang\u0131n ihbar, ses ve \u0131\u015f\u0131k, yap\u0131sal kablolama, sistem odalar\u0131, g\u00fc\u00e7 kayna\u011f\u0131, bilgi payla\u015f\u0131m ve dan\u0131\u015fmanl\u0131k, network, bilgisayar hizmetleri, bariyer, turnike, PDKS, ak\u0131ll\u0131 ev, g\u00f6r\u00fcnt\u00fcl\u00fc diyafon, ara\u00e7 takip, merkezi uydu, ticari yaz\u0131l\u0131mlar ve kurumsal \u00e7\u00f6z\u00fcm hizmetleri vermektedir.<\/p>\n\n\n\n<p><\/p>\n\n\n\n<p>Kamera Sistemleri<br>Yap\u0131sal Kablolama<br>Sistem Odalar\u0131<br>Yang\u0131n \u0130hbar Sistemleri<br>Ak\u0131ll\u0131 Ev<br>Alarm Sistemleri<br>Bariyer ve T\u00fcrnike<br>G\u00f6r\u00fcnt\u00fcl\u00fc Diafon<br>Merkezi Uydu<br>PDKS Sistemleri<br>Santral Sistemleri<br>Ses ve I\u015f\u0131k Sistemleri<br>Ara\u00e7 Takip<br>G\u00fc\u00e7 Kayna\u011f\u0131 (UPS)<br>Kurumsal \u00c7\u00f6z\u00fcmler<br>Kurumsal Bak\u0131m<br>Bilgi Payla\u015f\u0131m<br>Fiber Optik Sonland\u0131rma<br>Plaka Tan\u0131ma<br>Ara\u00e7 Alt\u0131 G\u00f6r\u00fcnt\u00fcleme<br>X-Ray Bagaj Taray\u0131c\u0131<br>ROAD BLOCKER<br>Kap\u0131 tipi metal detekt\u00f6r<br>Ara\u00e7 Taray\u0131c\u0131<\/p>\n","protected":false},"excerpt":{"rendered":"<p>G\u00fcvenlik ve Kamera Sistemleri ba\u015fta olmak \u00fczere a\u015fa\u011f\u0131daki hizmetleri de yapmaktay\u0131z. Batman Bili\u015fim, Batman ve \u00e7evre illerinde g\u00fcvenlik kamera sistemleri, alarm, santral sistemleri, kurumsal bak\u0131m, yang\u0131n ihbar, ses ve \u0131\u015f\u0131k, yap\u0131sal kablolama, sistem odalar\u0131, g\u00fc\u00e7 kayna\u011f\u0131, bilgi payla\u015f\u0131m ve dan\u0131\u015fmanl\u0131k, network, bilgisayar hizmetleri, bariyer, turnike, PDKS, ak\u0131ll\u0131 ev, g\u00f6r\u00fcnt\u00fcl\u00fc diyafon, ara\u00e7 takip, merkezi uydu, ticari [&hellip;]<\/p>\n","protected":false},"author":1,"featured_media":0,"parent":0,"menu_order":0,"comment_status":"closed","ping_status":"closed","template":"","meta":[],"_links":{"self":[{"href":"http:\/\/www.batmanbilisim.com\/index.php?rest_route=\/wp\/v2\/pages\/2"}],"collection":[{"href":"http:\/\/www.batmanbilisim.com\/index.php?rest_route=\/wp\/v2\/pages"}],"about":[{"href":"http:\/\/www.batmanbilisim.com\/index.php?rest_route=\/wp\/v2\/types\/page"}],"author":[{"embeddable":true,"href":"http:\/\/www.batmanbilisim.com\/index.php?rest_route=\/wp\/v2\/users\/1"}],"replies":[{"embeddable":true,"href":"http:\/\/www.batmanbilisim.com\/index.php?rest_route=%2Fwp%2Fv2%2Fcomments&post=2"}],"version-history":[{"count":4,"href":"http:\/\/www.batmanbilisim.com\/index.php?rest_route=\/wp\/v2\/pages\/2\/revisions"}],"predecessor-version":[{"id":66,"href":"http:\/\/www.batmanbilisim.com\/index.php?rest_route=\/wp\/v2\/pages\/2\/revisions\/66"}],"wp:attachment":[{"href":"http:\/\/www.batmanbilisim.com\/index.php?rest_route=%2Fwp%2Fv2%2Fmedia&parent=2"}],"curies":[{"name":"wp","href":"https:\/\/api.w.org\/{rel}","templated":true}]}}