{"id":42,"date":"2021-05-03T16:45:29","date_gmt":"2021-05-03T13:45:29","guid":{"rendered":"http:\/\/www.batmanbilisim.com\/?page_id=42"},"modified":"2024-10-10T11:44:37","modified_gmt":"2024-10-10T08:44:37","slug":"referanslarimiz","status":"publish","type":"page","link":"http:\/\/www.batmanbilisim.com\/?page_id=42","title":{"rendered":"Referanslar\u0131m\u0131z"},"content":{"rendered":"\n<figure class=\"wp-block-gallery has-nested-images columns-default is-cropped wp-block-gallery-1 is-layout-flex\">\n<figure class=\"wp-block-image size-large\"><img decoding=\"async\" loading=\"lazy\" width=\"960\" height=\"300\" data-id=\"58\"  src=\"http:\/\/www.batmanbilisim.com\/wp-content\/uploads\/2021\/05\/batman-referanslarimiz.png\" alt=\"\" class=\"wp-image-58\" srcset=\"http:\/\/www.batmanbilisim.com\/wp-content\/uploads\/2021\/05\/batman-referanslarimiz.png 960w, http:\/\/www.batmanbilisim.com\/wp-content\/uploads\/2021\/05\/batman-referanslarimiz-300x94.png 300w, http:\/\/www.batmanbilisim.com\/wp-content\/uploads\/2021\/05\/batman-referanslarimiz-768x240.png 768w\" sizes=\"(max-width: 960px) 100vw, 960px\" \/><\/figure>\n<\/figure>\n\n\n\n<h1 class=\"wp-block-heading\">Kurumsal Referanslar\u0131m\u0131z<\/h1>\n\n\n\n<p><br><br>Dicle \u00dcniversitesi<br>Batman PTT<br>TE\u0130A\u015e 16.B\u00d6LGE<br>Batman Organize Sanayi B\u00f6lgesi<br>Adana Emniyet<br>Girne Koleji<br>Batman \u00dcniversitesi<br>Siirt Havaliman\u0131<br>Batman TPAO<br>Batman T\u00fcpra\u015f<br>Bat. Devlet Su \u0130\u015fleri<br>Batman Tar\u0131m<br>Batman Belediyesi<br>Batman Turkcell<br>Batman MEB<br>Batman Kosgeb<br>Dicle Kalk\u0131nma Ajans\u0131<br>Batman SGK<br>Batman \u0130\u015f Kur<br>Batman Deda\u015f<br>Siirt Devlet Hastanesi<br>Batman B\u00f6lge Devlet Hastanesi<\/p>\n","protected":false},"excerpt":{"rendered":"<p>Kurumsal Referanslar\u0131m\u0131z Dicle \u00dcniversitesiBatman PTTTE\u0130A\u015e 16.B\u00d6LGEBatman Organize Sanayi B\u00f6lgesiAdana EmniyetGirne KolejiBatman \u00dcniversitesiSiirt Havaliman\u0131Batman TPAOBatman T\u00fcpra\u015fBat. Devlet Su \u0130\u015fleriBatman Tar\u0131mBatman BelediyesiBatman TurkcellBatman MEBBatman KosgebDicle Kalk\u0131nma Ajans\u0131Batman SGKBatman \u0130\u015f KurBatman Deda\u015fSiirt Devlet HastanesiBatman B\u00f6lge Devlet Hastanesi<\/p>\n","protected":false},"author":1,"featured_media":0,"parent":0,"menu_order":0,"comment_status":"closed","ping_status":"closed","template":"","meta":[],"_links":{"self":[{"href":"http:\/\/www.batmanbilisim.com\/index.php?rest_route=\/wp\/v2\/pages\/42"}],"collection":[{"href":"http:\/\/www.batmanbilisim.com\/index.php?rest_route=\/wp\/v2\/pages"}],"about":[{"href":"http:\/\/www.batmanbilisim.com\/index.php?rest_route=\/wp\/v2\/types\/page"}],"author":[{"embeddable":true,"href":"http:\/\/www.batmanbilisim.com\/index.php?rest_route=\/wp\/v2\/users\/1"}],"replies":[{"embeddable":true,"href":"http:\/\/www.batmanbilisim.com\/index.php?rest_route=%2Fwp%2Fv2%2Fcomments&post=42"}],"version-history":[{"count":8,"href":"http:\/\/www.batmanbilisim.com\/index.php?rest_route=\/wp\/v2\/pages\/42\/revisions"}],"predecessor-version":[{"id":205,"href":"http:\/\/www.batmanbilisim.com\/index.php?rest_route=\/wp\/v2\/pages\/42\/revisions\/205"}],"wp:attachment":[{"href":"http:\/\/www.batmanbilisim.com\/index.php?rest_route=%2Fwp%2Fv2%2Fmedia&parent=42"}],"curies":[{"name":"wp","href":"https:\/\/api.w.org\/{rel}","templated":true}]}}