{"id":6,"date":"2021-05-03T15:03:58","date_gmt":"2021-05-03T12:03:58","guid":{"rendered":"http:\/\/www.batmanbilisim.com\/?page_id=6"},"modified":"2024-10-10T11:41:43","modified_gmt":"2024-10-10T08:41:43","slug":"hakkimizda","status":"publish","type":"page","link":"http:\/\/www.batmanbilisim.com\/?page_id=6","title":{"rendered":"Hakk\u0131m\u0131zda"},"content":{"rendered":"\n<figure class=\"wp-block-image size-large\"><img decoding=\"async\" loading=\"lazy\" width=\"512\" height=\"128\" src=\"http:\/\/www.batmanbilisim.com\/wp-content\/uploads\/2021\/05\/batman-hakimizda.jpg\" alt=\"\" class=\"wp-image-56\" srcset=\"http:\/\/www.batmanbilisim.com\/wp-content\/uploads\/2021\/05\/batman-hakimizda.jpg 512w, http:\/\/www.batmanbilisim.com\/wp-content\/uploads\/2021\/05\/batman-hakimizda-300x75.jpg 300w\" sizes=\"(max-width: 512px) 100vw, 512px\" \/><\/figure>\n\n\n\n<p>Hakk\u0131m\u0131zda<\/p>\n\n\n\n<p>2002 y\u0131l\u0131nda kurulan Batman Bili\u015fim ve G\u00fcvenlik Sistemleri, teknoloji d\u00fcnyas\u0131ndaki h\u0131zl\u0131 de\u011fi\u015fimlere ayak uydurarak g\u00fcvenlik ve bili\u015fim \u00e7\u00f6z\u00fcmleri sunan \u00f6nc\u00fc firmalardan biridir. Kurulu\u015fumuzdan bu yana, m\u00fc\u015fteri memnuniyetini ve yenilik\u00e7ili\u011fi \u00f6n planda tutarak, g\u00fcvenlik kamera sistemleri, yap\u0131sal kablolama(network) alarm sistemleri, yang\u0131n alarm sistemleri, zay\u0131f ak\u0131m sistemleri  g\u00f6r\u00fcnt\u00fc ve ses sistemleri gibi bir\u00e7ok alanda profesyonel hizmet sa\u011flamaktay\u0131z.<\/p>\n\n\n\n<p>Batman Bili\u015fim ve G\u00fcvenlik Sistemleri olarak, bireysel ve kurumsal m\u00fc\u015fterilerimize \u00f6zel \u00e7\u00f6z\u00fcmler sunmakta, teknolojinin sundu\u011fu en son yeniliklerle i\u015fletmelerin ve evlerin g\u00fcvenli\u011fini en \u00fcst d\u00fczeye \u00e7\u0131karmaktay\u0131z. Deneyimli kadromuz ve geni\u015f \u00fcr\u00fcn yelpazemiz ile sekt\u00f6rdeki lider konumumuzu s\u00fcrd\u00fcrmeye devam ediyoruz. M\u00fc\u015fterilerimizin ihtiya\u00e7lar\u0131na uygun, kaliteli, g\u00fcvenilir ve s\u00fcrd\u00fcr\u00fclebilir \u00e7\u00f6z\u00fcmler \u00fcretmek en b\u00fcy\u00fck \u00f6nceli\u011fimizdir<\/p>\n","protected":false},"excerpt":{"rendered":"<p>Hakk\u0131m\u0131zda 2002 y\u0131l\u0131nda kurulan Batman Bili\u015fim ve G\u00fcvenlik Sistemleri, teknoloji d\u00fcnyas\u0131ndaki h\u0131zl\u0131 de\u011fi\u015fimlere ayak uydurarak g\u00fcvenlik ve bili\u015fim \u00e7\u00f6z\u00fcmleri sunan \u00f6nc\u00fc firmalardan biridir. Kurulu\u015fumuzdan bu yana, m\u00fc\u015fteri memnuniyetini ve yenilik\u00e7ili\u011fi \u00f6n planda tutarak, g\u00fcvenlik kamera sistemleri, yap\u0131sal kablolama(network) alarm sistemleri, yang\u0131n alarm sistemleri, zay\u0131f ak\u0131m sistemleri g\u00f6r\u00fcnt\u00fc ve ses sistemleri gibi bir\u00e7ok alanda profesyonel hizmet [&hellip;]<\/p>\n","protected":false},"author":1,"featured_media":0,"parent":0,"menu_order":0,"comment_status":"closed","ping_status":"closed","template":"","meta":[],"_links":{"self":[{"href":"http:\/\/www.batmanbilisim.com\/index.php?rest_route=\/wp\/v2\/pages\/6"}],"collection":[{"href":"http:\/\/www.batmanbilisim.com\/index.php?rest_route=\/wp\/v2\/pages"}],"about":[{"href":"http:\/\/www.batmanbilisim.com\/index.php?rest_route=\/wp\/v2\/types\/page"}],"author":[{"embeddable":true,"href":"http:\/\/www.batmanbilisim.com\/index.php?rest_route=\/wp\/v2\/users\/1"}],"replies":[{"embeddable":true,"href":"http:\/\/www.batmanbilisim.com\/index.php?rest_route=%2Fwp%2Fv2%2Fcomments&post=6"}],"version-history":[{"count":5,"href":"http:\/\/www.batmanbilisim.com\/index.php?rest_route=\/wp\/v2\/pages\/6\/revisions"}],"predecessor-version":[{"id":201,"href":"http:\/\/www.batmanbilisim.com\/index.php?rest_route=\/wp\/v2\/pages\/6\/revisions\/201"}],"wp:attachment":[{"href":"http:\/\/www.batmanbilisim.com\/index.php?rest_route=%2Fwp%2Fv2%2Fmedia&parent=6"}],"curies":[{"name":"wp","href":"https:\/\/api.w.org\/{rel}","templated":true}]}}