{"id":7,"date":"2021-05-03T15:03:58","date_gmt":"2021-05-03T12:03:58","guid":{"rendered":"http:\/\/www.batmanbilisim.com\/?page_id=7"},"modified":"2021-05-03T17:06:14","modified_gmt":"2021-05-03T14:06:14","slug":"bize-ulasin","status":"publish","type":"page","link":"http:\/\/www.batmanbilisim.com\/?page_id=7","title":{"rendered":"\u0130leti\u015fim"},"content":{"rendered":"\n<figure class=\"wp-block-gallery columns-2 is-cropped wp-block-gallery-1 is-layout-flex\"><ul class=\"blocks-gallery-grid\"><li class=\"blocks-gallery-item\"><figure><img decoding=\"async\" loading=\"lazy\" width=\"400\" height=\"336\" src=\"http:\/\/www.batmanbilisim.com\/wp-content\/uploads\/2021\/05\/iletisim-batman.jpg\" alt=\"\" data-id=\"53\" data-full-url=\"http:\/\/www.batmanbilisim.com\/wp-content\/uploads\/2021\/05\/iletisim-batman.jpg\" data-link=\"http:\/\/www.batmanbilisim.com\/?attachment_id=53\" class=\"wp-image-53\" srcset=\"http:\/\/www.batmanbilisim.com\/wp-content\/uploads\/2021\/05\/iletisim-batman.jpg 400w, http:\/\/www.batmanbilisim.com\/wp-content\/uploads\/2021\/05\/iletisim-batman-300x252.jpg 300w\" sizes=\"(max-width: 400px) 100vw, 400px\" \/><\/figure><\/li><li class=\"blocks-gallery-item\"><figure><img decoding=\"async\" loading=\"lazy\" width=\"300\" height=\"50\" src=\"http:\/\/www.batmanbilisim.com\/wp-content\/uploads\/2021\/05\/batman-bilisim-logo-1.png\" alt=\"\" data-id=\"52\" data-link=\"http:\/\/www.batmanbilisim.com\/?attachment_id=52\" class=\"wp-image-52\"\/><\/figure><\/li><\/ul><\/figure>\n\n\n\n<p><strong>Adres :&nbsp;<\/strong>\u00c7aml\u0131tepe Mh T.P.A.O Bulvar\u0131 Ta\u015fk\u0131ran Ap Alt\u0131&nbsp;No:321\/2 BATMAN<br><strong>Telefon :&nbsp;<\/strong>0(488) 213 33 53 \/ 0(543) 853 26 79-0(535) 335 90 35<br><strong>E-posta :&nbsp;<\/strong><a href=\"mailto:bilgi@tekteknoloji.com\">bilgi@tekteknoloji.com<\/a><\/p>\n","protected":false},"excerpt":{"rendered":"<p>Adres :&nbsp;\u00c7aml\u0131tepe Mh T.P.A.O Bulvar\u0131 Ta\u015fk\u0131ran Ap Alt\u0131&nbsp;No:321\/2 BATMANTelefon :&nbsp;0(488) 213 33 53 \/ 0(543) 853 26 79-0(535) 335 90 35E-posta :&nbsp;bilgi@tekteknoloji.com<\/p>\n","protected":false},"author":1,"featured_media":0,"parent":0,"menu_order":5,"comment_status":"closed","ping_status":"closed","template":"","meta":[],"_links":{"self":[{"href":"http:\/\/www.batmanbilisim.com\/index.php?rest_route=\/wp\/v2\/pages\/7"}],"collection":[{"href":"http:\/\/www.batmanbilisim.com\/index.php?rest_route=\/wp\/v2\/pages"}],"about":[{"href":"http:\/\/www.batmanbilisim.com\/index.php?rest_route=\/wp\/v2\/types\/page"}],"author":[{"embeddable":true,"href":"http:\/\/www.batmanbilisim.com\/index.php?rest_route=\/wp\/v2\/users\/1"}],"replies":[{"embeddable":true,"href":"http:\/\/www.batmanbilisim.com\/index.php?rest_route=%2Fwp%2Fv2%2Fcomments&post=7"}],"version-history":[{"count":5,"href":"http:\/\/www.batmanbilisim.com\/index.php?rest_route=\/wp\/v2\/pages\/7\/revisions"}],"predecessor-version":[{"id":54,"href":"http:\/\/www.batmanbilisim.com\/index.php?rest_route=\/wp\/v2\/pages\/7\/revisions\/54"}],"wp:attachment":[{"href":"http:\/\/www.batmanbilisim.com\/index.php?rest_route=%2Fwp%2Fv2%2Fmedia&parent=7"}],"curies":[{"name":"wp","href":"https:\/\/api.w.org\/{rel}","templated":true}]}}